{"id":12320,"date":"2023-01-11T15:58:35","date_gmt":"2023-01-11T15:58:35","guid":{"rendered":"https:\/\/fabrafinques.com\/?page_id=12320"},"modified":"2023-01-11T16:32:26","modified_gmt":"2023-01-11T16:32:26","slug":"vull-vendre-vull-logar","status":"publish","type":"page","link":"https:\/\/fabrafinques.com\/ca\/vull-vendre-vull-logar\/","title":{"rendered":"Vull vendre"},"content":{"rendered":"\t\t<div data-elementor-type=\"wp-page\" data-elementor-id=\"12320\" class=\"elementor elementor-12320\" data-elementor-settings=\"[]\">\n\t\t\t\t\t\t<div class=\"elementor-inner\">\n\t\t\t\t\t\t\t<div class=\"elementor-section-wrap\">\n\t\t\t\t\t\t\t<section class=\"elementor-section elementor-top-section elementor-element elementor-element-90eb48d elementor-section-stretched elementor-section-boxed elementor-section-height-default elementor-section-height-default elementor-invisible\" data-id=\"90eb48d\" data-element_type=\"section\" data-settings=\"{&quot;stretch_section&quot;:&quot;section-stretched&quot;,&quot;animation&quot;:&quot;fadeIn&quot;}\">\n\t\t\t\t\t\t<div class=\"elementor-container elementor-column-gap-default\">\n\t\t\t\t\t\t\t<div class=\"elementor-row\">\n\t\t\t\t\t<div class=\"elementor-column elementor-col-100 elementor-top-column elementor-element elementor-element-8f99301\" data-id=\"8f99301\" data-element_type=\"column\">\n\t\t\t<div class=\"elementor-column-wrap elementor-element-populated\">\n\t\t\t\t\t\t\t<div class=\"elementor-widget-wrap\">\n\t\t\t\t\t\t<div class=\"elementor-element elementor-element-e0c1f1f animated-slow elementor-invisible elementor-widget elementor-widget-houzez_elementor_section_title\" data-id=\"e0c1f1f\" data-element_type=\"widget\" data-settings=\"{&quot;_animation&quot;:&quot;fadeIn&quot;}\" data-widget_type=\"houzez_elementor_section_title.default\">\n\t\t\t\t<div class=\"elementor-widget-container\">\n\t\t\t            <div class=\"houzez_section_title_wrap section-title-module\">\n                                    <h2 class=\"houzez_section_title\">Us regalem el certificat d'efici\u00e8ncia energ\u00e8tica<\/h2>\n                \n                            <\/div>\n            \t\t<\/div>\n\t\t\t\t<\/div>\n\t\t\t\t<section class=\"elementor-section elementor-inner-section elementor-element elementor-element-75866fd elementor-section-boxed elementor-section-height-default elementor-section-height-default\" data-id=\"75866fd\" data-element_type=\"section\">\n\t\t\t\t\t\t<div class=\"elementor-container elementor-column-gap-default\">\n\t\t\t\t\t\t\t<div class=\"elementor-row\">\n\t\t\t\t\t<div class=\"elementor-column elementor-col-50 elementor-inner-column elementor-element elementor-element-1db76e5\" data-id=\"1db76e5\" data-element_type=\"column\">\n\t\t\t<div class=\"elementor-column-wrap elementor-element-populated\">\n\t\t\t\t\t\t\t<div class=\"elementor-widget-wrap\">\n\t\t\t\t\t\t<div class=\"elementor-element elementor-element-f9a4292 elementor-widget elementor-widget-text-editor\" data-id=\"f9a4292\" data-element_type=\"widget\" data-widget_type=\"text-editor.default\">\n\t\t\t\t<div class=\"elementor-widget-container\">\n\t\t\t\t\t\t\t\t<div class=\"elementor-text-editor elementor-clearfix\">\n\t\t\t\t<p>Ara per la venda o lloguer del vostre habitatge us regalem el certificat d&#8217;efici\u00e8ncia energ\u00e8tica.<\/p><p>La certificaci\u00f3 energ\u00e8tica d&#8217;edificis proporciona informaci\u00f3 \u00fatil a l&#8217;hora de comprar o llogar un habitatge. Permet que l&#8217;usuari pugui valorar les seves caracter\u00edstiques energ\u00e8tiques, i con\u00e8ixer la despesa energ\u00e8tica anual aproximada.<\/p><p>El certificat incorpora un informe que avalua les caracter\u00edstiques de l&#8217;habitatge en comparaci\u00f3 amb la mitjana de la seva zona clim\u00e0tica i amb els qualificats amb una A. Tamb\u00e9 cont\u00e9 informaci\u00f3 sobre l&#8217;estalvi econ\u00f2mic si s&#8217;apliquen mesures per reduir la despesa energ\u00e8tica. En el cas d&#8217;edificis existents, el certificat tamb\u00e9 incorpora recomanacions i millores per a obtenir un comportament energ\u00e8tic m\u00e9s eficient, augmentar el confort de l\u2019habitatge i redu\u00efr la despesa energ\u00e8tica.<\/p>\t\t\t\t\t<\/div>\n\t\t\t\t\t\t<\/div>\n\t\t\t\t<\/div>\n\t\t\t\t\t\t<\/div>\n\t\t\t\t\t<\/div>\n\t\t<\/div>\n\t\t\t\t<div class=\"elementor-column elementor-col-50 elementor-inner-column elementor-element elementor-element-035db0d\" data-id=\"035db0d\" data-element_type=\"column\">\n\t\t\t<div class=\"elementor-column-wrap elementor-element-populated\">\n\t\t\t\t\t\t\t<div class=\"elementor-widget-wrap\">\n\t\t\t\t\t\t<div class=\"elementor-element elementor-element-96f1af9 elementor-widget elementor-widget-image\" data-id=\"96f1af9\" data-element_type=\"widget\" data-widget_type=\"image.default\">\n\t\t\t\t<div class=\"elementor-widget-container\">\n\t\t\t\t\t\t\t\t<div class=\"elementor-image\">\n\t\t\t\t\t\t\t\t\t\t\t\t<img loading=\"lazy\" decoding=\"async\" width=\"612\" height=\"408\" src=\"https:\/\/fabrafinques.com\/wp-content\/uploads\/2023\/01\/etiqueta_energetica_2021_ue-removebg-preview.png\" class=\"attachment-large size-large\" alt=\"\" srcset=\"https:\/\/fabrafinques.com\/wp-content\/uploads\/2023\/01\/etiqueta_energetica_2021_ue-removebg-preview.png 612w, https:\/\/fabrafinques.com\/wp-content\/uploads\/2023\/01\/etiqueta_energetica_2021_ue-removebg-preview-300x200.png 300w, https:\/\/fabrafinques.com\/wp-content\/uploads\/2023\/01\/etiqueta_energetica_2021_ue-removebg-preview-496x331.png 496w\" sizes=\"auto, (max-width: 612px) 100vw, 612px\" \/>\t\t\t\t\t\t\t\t\t\t\t\t\t\t<\/div>\n\t\t\t\t\t\t<\/div>\n\t\t\t\t<\/div>\n\t\t\t\t\t\t<\/div>\n\t\t\t\t\t<\/div>\n\t\t<\/div>\n\t\t\t\t\t\t\t\t<\/div>\n\t\t\t\t\t<\/div>\n\t\t<\/section>\n\t\t\t\t<div class=\"elementor-element elementor-element-9e0edf0 elementor-widget elementor-widget-houzez_elementor_space\" data-id=\"9e0edf0\" data-element_type=\"widget\" data-widget_type=\"houzez_elementor_space.default\">\n\t\t\t\t<div class=\"elementor-widget-container\">\n\t\t\t        <div class=\"houzez-spacer\">\n            <div class=\"houzez-spacer-inner\"><\/div>\n        <\/div>\n        \t\t<\/div>\n\t\t\t\t<\/div>\n\t\t\t\t\t\t<\/div>\n\t\t\t\t\t<\/div>\n\t\t<\/div>\n\t\t\t\t\t\t\t\t<\/div>\n\t\t\t\t\t<\/div>\n\t\t<\/section>\n\t\t\t\t<section class=\"elementor-section elementor-top-section elementor-element elementor-element-c9d3bd4 elementor-section-boxed elementor-section-height-default elementor-section-height-default elementor-invisible\" data-id=\"c9d3bd4\" data-element_type=\"section\" data-settings=\"{&quot;animation&quot;:&quot;fadeIn&quot;}\">\n\t\t\t\t\t\t<div class=\"elementor-container elementor-column-gap-default\">\n\t\t\t\t\t\t\t<div class=\"elementor-row\">\n\t\t\t\t\t<div class=\"elementor-column elementor-col-100 elementor-top-column elementor-element elementor-element-eae6b02\" data-id=\"eae6b02\" data-element_type=\"column\">\n\t\t\t<div class=\"elementor-column-wrap elementor-element-populated\">\n\t\t\t\t\t\t\t<div class=\"elementor-widget-wrap\">\n\t\t\t\t\t\t<div class=\"elementor-element elementor-element-ed5e96e animated-slow elementor-invisible elementor-widget elementor-widget-houzez_elementor_section_title\" data-id=\"ed5e96e\" data-element_type=\"widget\" data-settings=\"{&quot;_animation&quot;:&quot;fadeIn&quot;}\" data-widget_type=\"houzez_elementor_section_title.default\">\n\t\t\t\t<div class=\"elementor-widget-container\">\n\t\t\t            <div class=\"houzez_section_title_wrap section-title-module\">\n                                    <h2 class=\"houzez_section_title\">Que inclou el certificat<\/h2>\n                \n                            <\/div>\n            \t\t<\/div>\n\t\t\t\t<\/div>\n\t\t\t\t<div class=\"elementor-element elementor-element-0eba53f animated-slow elementor-invisible elementor-widget elementor-widget-houzez_elementor_icon_box\" data-id=\"0eba53f\" data-element_type=\"widget\" data-settings=\"{&quot;_animation&quot;:&quot;fadeIn&quot;}\" data-widget_type=\"houzez_elementor_icon_box.default\">\n\t\t\t\t<div class=\"elementor-widget-container\">\n\t\t\t\n        <div class=\"text-with-icons-module module-3cols clearfix\">\n            \n                    <div class=\"text-with-icon-item text-with-icon-item-v2\">\n                        <div class=\"d-flex\">\n                            <div class=\"icon-thumb\">\n                                                            <\/div><!-- icon-thumb -->\n                            <div class=\"text-with-icon-content-wrap flex-grow-1\">\n                                <div class=\"text-with-icon-info\">\n                                    <div class=\"text-with-icon-title\">\n                                        <strong><\/strong>\n                                    <\/div><!-- text-with-icon-title -->\n                                    <div class=\"text-with-icon-body\">\n                                        Identificaci\u00f3 de l\u2019edifici: nom de l\u2019edifici, adre\u00e7a, refer\u00e8ncia cadastral, etc.                                    <\/div><!-- text-with-icon-body -->\n                                <\/div><!-- text-with-icon-info -->\n                                \n                                                                    <div class=\"text-with-icon-link\">\n                                    <a href=\"#\"  ><\/a>\n                                    <\/div>\n                                \n                            <\/div><!-- text-with-icon-content-wrap -->\n                        <\/div><!-- d-flex -->\n                    <\/div><!-- text-with-icon-item  -->\n\n            \n                    <div class=\"text-with-icon-item text-with-icon-item-v2\">\n                        <div class=\"d-flex\">\n                            <div class=\"icon-thumb\">\n                                                            <\/div><!-- icon-thumb -->\n                            <div class=\"text-with-icon-content-wrap flex-grow-1\">\n                                <div class=\"text-with-icon-info\">\n                                    <div class=\"text-with-icon-title\">\n                                        <strong><\/strong>\n                                    <\/div><!-- text-with-icon-title -->\n                                    <div class=\"text-with-icon-body\">\n                                        Dades del t\u00e8cnic\/a certificador\/a i el promotor\/a o propietari\/\u00e0ria.                                    <\/div><!-- text-with-icon-body -->\n                                <\/div><!-- text-with-icon-info -->\n                                \n                                                                    <div class=\"text-with-icon-link\">\n                                    <a href=\"#\"  ><\/a>\n                                    <\/div>\n                                \n                            <\/div><!-- text-with-icon-content-wrap -->\n                        <\/div><!-- d-flex -->\n                    <\/div><!-- text-with-icon-item  -->\n\n            \n                    <div class=\"text-with-icon-item text-with-icon-item-v2\">\n                        <div class=\"d-flex\">\n                            <div class=\"icon-thumb\">\n                                                            <\/div><!-- icon-thumb -->\n                            <div class=\"text-with-icon-content-wrap flex-grow-1\">\n                                <div class=\"text-with-icon-info\">\n                                    <div class=\"text-with-icon-title\">\n                                        <strong><\/strong>\n                                    <\/div><!-- text-with-icon-title -->\n                                    <div class=\"text-with-icon-body\">\n                                        \u00das de l\u2019edifici i condicions de funcionament i ocupaci\u00f3.                                    <\/div><!-- text-with-icon-body -->\n                                <\/div><!-- text-with-icon-info -->\n                                \n                                                                    <div class=\"text-with-icon-link\">\n                                    <a href=\"#\"  ><\/a>\n                                    <\/div>\n                                \n                            <\/div><!-- text-with-icon-content-wrap -->\n                        <\/div><!-- d-flex -->\n                    <\/div><!-- text-with-icon-item  -->\n\n            \n                    <div class=\"text-with-icon-item text-with-icon-item-v2\">\n                        <div class=\"d-flex\">\n                            <div class=\"icon-thumb\">\n                                                            <\/div><!-- icon-thumb -->\n                            <div class=\"text-with-icon-content-wrap flex-grow-1\">\n                                <div class=\"text-with-icon-info\">\n                                    <div class=\"text-with-icon-title\">\n                                        <strong><\/strong>\n                                    <\/div><!-- text-with-icon-title -->\n                                    <div class=\"text-with-icon-body\">\n                                        Indicaci\u00f3 del procediment reconegut que s\u2019ha fet servir per a la qualificaci\u00f3.                                    <\/div><!-- text-with-icon-body -->\n                                <\/div><!-- text-with-icon-info -->\n                                \n                                                                    <div class=\"text-with-icon-link\">\n                                    <a href=\"#\"  ><\/a>\n                                    <\/div>\n                                \n                            <\/div><!-- text-with-icon-content-wrap -->\n                        <\/div><!-- d-flex -->\n                    <\/div><!-- text-with-icon-item  -->\n\n            \n                    <div class=\"text-with-icon-item text-with-icon-item-v2\">\n                        <div class=\"d-flex\">\n                            <div class=\"icon-thumb\">\n                                                            <\/div><!-- icon-thumb -->\n                            <div class=\"text-with-icon-content-wrap flex-grow-1\">\n                                <div class=\"text-with-icon-info\">\n                                    <div class=\"text-with-icon-title\">\n                                        <strong><\/strong>\n                                    <\/div><!-- text-with-icon-title -->\n                                    <div class=\"text-with-icon-body\">\n                                        Indicaci\u00f3 de la normativa d\u2019aplicaci\u00f3.                                    <\/div><!-- text-with-icon-body -->\n                                <\/div><!-- text-with-icon-info -->\n                                \n                                                                    <div class=\"text-with-icon-link\">\n                                    <a href=\"#\"  ><\/a>\n                                    <\/div>\n                                \n                            <\/div><!-- text-with-icon-content-wrap -->\n                        <\/div><!-- d-flex -->\n                    <\/div><!-- text-with-icon-item  -->\n\n            \n                    <div class=\"text-with-icon-item text-with-icon-item-v2\">\n                        <div class=\"d-flex\">\n                            <div class=\"icon-thumb\">\n                                                            <\/div><!-- icon-thumb -->\n                            <div class=\"text-with-icon-content-wrap flex-grow-1\">\n                                <div class=\"text-with-icon-info\">\n                                    <div class=\"text-with-icon-title\">\n                                        <strong><\/strong>\n                                    <\/div><!-- text-with-icon-title -->\n                                    <div class=\"text-with-icon-body\">\n                                        Descripci\u00f3 de les caracter\u00edstiques energ\u00e8tiques de l\u2019edifici: envolupant i instal\u00b7lacions.                                    <\/div><!-- text-with-icon-body -->\n                                <\/div><!-- text-with-icon-info -->\n                                \n                                                                    <div class=\"text-with-icon-link\">\n                                    <a href=\"#\"  ><\/a>\n                                    <\/div>\n                                \n                            <\/div><!-- text-with-icon-content-wrap -->\n                        <\/div><!-- d-flex -->\n                    <\/div><!-- text-with-icon-item  -->\n\n            \n                    <div class=\"text-with-icon-item text-with-icon-item-v2\">\n                        <div class=\"d-flex\">\n                            <div class=\"icon-thumb\">\n                                                            <\/div><!-- icon-thumb -->\n                            <div class=\"text-with-icon-content-wrap flex-grow-1\">\n                                <div class=\"text-with-icon-info\">\n                                    <div class=\"text-with-icon-title\">\n                                        <strong><\/strong>\n                                    <\/div><!-- text-with-icon-title -->\n                                    <div class=\"text-with-icon-body\">\n                                        Qualificaci\u00f3 d\u2019efici\u00e8ncia energ\u00e8tica obtinguda.                                    <\/div><!-- text-with-icon-body -->\n                                <\/div><!-- text-with-icon-info -->\n                                \n                                \n                            <\/div><!-- text-with-icon-content-wrap -->\n                        <\/div><!-- d-flex -->\n                    <\/div><!-- text-with-icon-item  -->\n\n                    <\/div>\n    \t\t<\/div>\n\t\t\t\t<\/div>\n\t\t\t\t<div class=\"elementor-element elementor-element-447b34f elementor-widget elementor-widget-heading\" data-id=\"447b34f\" data-element_type=\"widget\" data-widget_type=\"heading.default\">\n\t\t\t\t<div class=\"elementor-widget-container\">\n\t\t\t<h4 class=\"elementor-heading-title elementor-size-default\">A m\u00e9s, en el cas dels edificis existents, el certificat energ\u00e8tic cont\u00e9 la documentaci\u00f3 anterior i la seg\u00fcent:<\/h4>\t\t<\/div>\n\t\t\t\t<\/div>\n\t\t\t\t<div class=\"elementor-element elementor-element-921a336 animated-slow elementor-invisible elementor-widget elementor-widget-houzez_elementor_icon_box\" data-id=\"921a336\" data-element_type=\"widget\" data-settings=\"{&quot;_animation&quot;:&quot;fadeIn&quot;}\" data-widget_type=\"houzez_elementor_icon_box.default\">\n\t\t\t\t<div class=\"elementor-widget-container\">\n\t\t\t\n        <div class=\"text-with-icons-module module-3cols clearfix\">\n            \n                    <div class=\"text-with-icon-item text-with-icon-item-v2\">\n                        <div class=\"d-flex\">\n                            <div class=\"icon-thumb\">\n                                                            <\/div><!-- icon-thumb -->\n                            <div class=\"text-with-icon-content-wrap flex-grow-1\">\n                                <div class=\"text-with-icon-info\">\n                                    <div class=\"text-with-icon-title\">\n                                        <strong><\/strong>\n                                    <\/div><!-- text-with-icon-title -->\n                                    <div class=\"text-with-icon-body\">\n                                        Document de recomanacions per a la millora de la qualificaci\u00f3                                    <\/div><!-- text-with-icon-body -->\n                                <\/div><!-- text-with-icon-info -->\n                                \n                                                                    <div class=\"text-with-icon-link\">\n                                    <a href=\"#\"  ><\/a>\n                                    <\/div>\n                                \n                            <\/div><!-- text-with-icon-content-wrap -->\n                        <\/div><!-- d-flex -->\n                    <\/div><!-- text-with-icon-item  -->\n\n                    <\/div>\n    \t\t<\/div>\n\t\t\t\t<\/div>\n\t\t\t\t\t\t<\/div>\n\t\t\t\t\t<\/div>\n\t\t<\/div>\n\t\t\t\t\t\t\t\t<\/div>\n\t\t\t\t\t<\/div>\n\t\t<\/section>\n\t\t\t\t<section class=\"elementor-section elementor-top-section elementor-element elementor-element-10ba5a1 elementor-section-stretched elementor-section-boxed elementor-section-height-default elementor-section-height-default elementor-invisible\" data-id=\"10ba5a1\" data-element_type=\"section\" data-settings=\"{&quot;stretch_section&quot;:&quot;section-stretched&quot;,&quot;animation&quot;:&quot;fadeIn&quot;}\">\n\t\t\t\t\t\t<div class=\"elementor-container elementor-column-gap-default\">\n\t\t\t\t\t\t\t<div class=\"elementor-row\">\n\t\t\t\t\t<div class=\"elementor-column elementor-col-100 elementor-top-column elementor-element elementor-element-3519277\" data-id=\"3519277\" data-element_type=\"column\">\n\t\t\t<div class=\"elementor-column-wrap elementor-element-populated\">\n\t\t\t\t\t\t\t<div class=\"elementor-widget-wrap\">\n\t\t\t\t\t\t<section class=\"elementor-section elementor-inner-section elementor-element elementor-element-287dcc8 elementor-section-boxed elementor-section-height-default elementor-section-height-default\" data-id=\"287dcc8\" data-element_type=\"section\">\n\t\t\t\t\t\t<div class=\"elementor-container elementor-column-gap-default\">\n\t\t\t\t\t\t\t<div class=\"elementor-row\">\n\t\t\t\t\t<div class=\"elementor-column elementor-col-50 elementor-inner-column elementor-element elementor-element-862fe6f\" data-id=\"862fe6f\" data-element_type=\"column\">\n\t\t\t<div class=\"elementor-column-wrap elementor-element-populated\">\n\t\t\t\t\t\t\t<div class=\"elementor-widget-wrap\">\n\t\t\t\t\t\t<div class=\"elementor-element elementor-element-01be974 elementor-widget elementor-widget-image\" data-id=\"01be974\" data-element_type=\"widget\" data-widget_type=\"image.default\">\n\t\t\t\t<div class=\"elementor-widget-container\">\n\t\t\t\t\t\t\t\t<div class=\"elementor-image\">\n\t\t\t\t\t\t\t\t\t\t\t\t<img loading=\"lazy\" decoding=\"async\" width=\"612\" height=\"408\" src=\"https:\/\/fabrafinques.com\/wp-content\/uploads\/2023\/01\/certificat-eficiencia-energetica.png\" class=\"attachment-large size-large\" alt=\"certificat eficiencia energetica\" srcset=\"https:\/\/fabrafinques.com\/wp-content\/uploads\/2023\/01\/certificat-eficiencia-energetica.png 612w, https:\/\/fabrafinques.com\/wp-content\/uploads\/2023\/01\/certificat-eficiencia-energetica-300x200.png 300w, https:\/\/fabrafinques.com\/wp-content\/uploads\/2023\/01\/certificat-eficiencia-energetica-496x331.png 496w\" sizes=\"auto, (max-width: 612px) 100vw, 612px\" \/>\t\t\t\t\t\t\t\t\t\t\t\t\t\t<\/div>\n\t\t\t\t\t\t<\/div>\n\t\t\t\t<\/div>\n\t\t\t\t\t\t<\/div>\n\t\t\t\t\t<\/div>\n\t\t<\/div>\n\t\t\t\t<div class=\"elementor-column elementor-col-50 elementor-inner-column elementor-element elementor-element-dfb6c75\" data-id=\"dfb6c75\" data-element_type=\"column\">\n\t\t\t<div class=\"elementor-column-wrap elementor-element-populated\">\n\t\t\t\t\t\t\t<div class=\"elementor-widget-wrap\">\n\t\t\t\t\t\t<div class=\"elementor-element elementor-element-2769c7a elementor-widget elementor-widget-text-editor\" data-id=\"2769c7a\" data-element_type=\"widget\" data-widget_type=\"text-editor.default\">\n\t\t\t\t<div class=\"elementor-widget-container\">\n\t\t\t\t\t\t\t\t<div class=\"elementor-text-editor elementor-clearfix\">\n\t\t\t\t<p>El certificat d&#8217;efici\u00e8ncia energ\u00e8tica tindr\u00e0 una validesa m\u00e0xima de deu anys. No \u00e9s necessari un nou certificat abans de concloure aquest per\u00edode. La propietat podr\u00e0 procedir volunt\u00e0riament a la seva actualitzaci\u00f3 quan consideri que existeixen variacions en aspectes de l&#8217;edifici que puguin modificar aquest certificat.<\/p><p>La certificaci\u00f3 energ\u00e8tica es requereix per llei en el moment de publicitar el immoble i el fet de no indicar-se que pot comportar sancions per part de l&#8217;administraci\u00f3.<\/p><p>Si est\u00e0s interessat en les condicions per tal de tenir el certificat pel teu immoble omple el formulari d&#8217;aquesta p\u00e0gina o envia&#8217;ns un correu a info@fabrafinques.com i t&#8217;informarem de les condicions.<\/p>\t\t\t\t\t<\/div>\n\t\t\t\t\t\t<\/div>\n\t\t\t\t<\/div>\n\t\t\t\t\t\t<\/div>\n\t\t\t\t\t<\/div>\n\t\t<\/div>\n\t\t\t\t\t\t\t\t<\/div>\n\t\t\t\t\t<\/div>\n\t\t<\/section>\n\t\t\t\t<div class=\"elementor-element elementor-element-2b21c15 elementor-widget elementor-widget-houzez_elementor_space\" data-id=\"2b21c15\" data-element_type=\"widget\" data-widget_type=\"houzez_elementor_space.default\">\n\t\t\t\t<div class=\"elementor-widget-container\">\n\t\t\t        <div class=\"houzez-spacer\">\n            <div class=\"houzez-spacer-inner\"><\/div>\n        <\/div>\n        \t\t<\/div>\n\t\t\t\t<\/div>\n\t\t\t\t\t\t<\/div>\n\t\t\t\t\t<\/div>\n\t\t<\/div>\n\t\t\t\t\t\t\t\t<\/div>\n\t\t\t\t\t<\/div>\n\t\t<\/section>\n\t\t\t\t\t\t<\/div>\n\t\t\t\t\t\t<\/div>\n\t\t\t\t\t<\/div>\n\t\t","protected":false},"excerpt":{"rendered":"<p>Us regalem el certificat d&#8217;efici\u00e8ncia energ\u00e8tica Ara per la venda o lloguer del vostre habitatge us regalem el certificat d&#8217;efici\u00e8ncia energ\u00e8tica. La certificaci\u00f3 energ\u00e8tica d&#8217;edificis proporciona informaci\u00f3 \u00fatil a l&#8217;hora de comprar o llogar un habitatge. Permet que l&#8217;usuari pugui valorar les seves caracter\u00edstiques energ\u00e8tiques, i con\u00e8ixer la despesa energ\u00e8tica anual aproximada. El certificat incorpora [&hellip;]<\/p>\n","protected":false},"author":1,"featured_media":0,"parent":0,"menu_order":0,"comment_status":"closed","ping_status":"closed","template":"elementor_header_footer","meta":{"footnotes":""},"class_list":["post-12320","page","type-page","status-publish","hentry"],"_links":{"self":[{"href":"https:\/\/fabrafinques.com\/ca\/wp-json\/wp\/v2\/pages\/12320","targetHints":{"allow":["GET"]}}],"collection":[{"href":"https:\/\/fabrafinques.com\/ca\/wp-json\/wp\/v2\/pages"}],"about":[{"href":"https:\/\/fabrafinques.com\/ca\/wp-json\/wp\/v2\/types\/page"}],"author":[{"embeddable":true,"href":"https:\/\/fabrafinques.com\/ca\/wp-json\/wp\/v2\/users\/1"}],"replies":[{"embeddable":true,"href":"https:\/\/fabrafinques.com\/ca\/wp-json\/wp\/v2\/comments?post=12320"}],"version-history":[{"count":27,"href":"https:\/\/fabrafinques.com\/ca\/wp-json\/wp\/v2\/pages\/12320\/revisions"}],"predecessor-version":[{"id":12368,"href":"https:\/\/fabrafinques.com\/ca\/wp-json\/wp\/v2\/pages\/12320\/revisions\/12368"}],"wp:attachment":[{"href":"https:\/\/fabrafinques.com\/ca\/wp-json\/wp\/v2\/media?parent=12320"}],"curies":[{"name":"wp","href":"https:\/\/api.w.org\/{rel}","templated":true}]}}